{"id":713,"date":"2015-12-02T12:22:11","date_gmt":"2015-12-02T12:22:11","guid":{"rendered":"http:\/\/themes.webdevia.com\/solar-wp\/?page_id=713"},"modified":"2015-12-02T12:22:11","modified_gmt":"2015-12-02T12:22:11","slug":"blog-columns","status":"publish","type":"page","link":"https:\/\/www.althera.mx\/?page_id=713","title":{"rendered":"Blog Columns"},"content":{"rendered":"<p>[vc_row css=&#8221;.vc_custom_1449059076901{margin-top: 40px !important;}&#8221;][vc_column]\r\n\r\n<div class=\"\" >\r\n  <div class=\"large-12 columns  wd-title-section_c\" >\r\n      <h2>Blog<\/h2>\r\n        <h5>Neque porro quisquam est qui dolorem ipsum quia lorem ipsum dolor sit amet dolor sit amet, consectetur, adipisci velit<\/h5>\r\n    \r\n  <\/div>\r\n<\/div>\r\n\r\n  \r\n[\/vc_column][\/vc_row][vc_row][vc_column]\r\n\t<ul class='simple-blog small-block-grid-2 medium-block-grid-2 large-block-grid-3' >\r\n  \t    \r\n    \t<li>\r\n    \t   <div class=\"wd-latest-news hvr-underline-from-center \" >\r\n            <div class=\"wd-image-date\">\r\n              <img width=\"1024\" height=\"682\" src=\"https:\/\/www.althera.mx\/wp-content\/uploads\/2020\/05\/Solar-can-save-your-business-money2-1024x682-1.jpg\" class=\"attachment-webdevia_blog_shortcode size-webdevia_blog_shortcode wp-post-image\" alt=\"\" decoding=\"async\" srcset=\"https:\/\/www.althera.mx\/wp-content\/uploads\/2020\/05\/Solar-can-save-your-business-money2-1024x682-1.jpg 1024w, https:\/\/www.althera.mx\/wp-content\/uploads\/2020\/05\/Solar-can-save-your-business-money2-1024x682-1-300x200.jpg 300w, https:\/\/www.althera.mx\/wp-content\/uploads\/2020\/05\/Solar-can-save-your-business-money2-1024x682-1-768x512.jpg 768w, https:\/\/www.althera.mx\/wp-content\/uploads\/2020\/05\/Solar-can-save-your-business-money2-1024x682-1-380x254.jpg 380w\" sizes=\"(max-width: 1024px) 100vw, 1024px\" \/>              <span><strong>22<\/strong>May<\/span>\r\n            <\/div>\r\n            <h4 class=\"wd-title-element\"><a href=\"https:\/\/www.althera.mx\/?p=1404\">Estado Actual de la Generaci\u00f3n distribuida en M\u00e9xico<\/a><\/h4>\r\n            <p>\r\n              Ante la publicaci\u00f3n del acuerdo el pasado viernes 15 de mayo sobre la \u201cPol\u00edtica de Confiabilidad, Seguridad, Continuidad y Calidad en el Sistema El\u00e9ctrico Nacional\u201d,&hellip;              <a class=\"hvr-pop read-more\" href=\"https:\/\/www.althera.mx\/?p=1404\">Read More \u2192<\/a>\r\n            <\/p>\r\n        <\/div>\r\n    \t<\/li>\r\n  \t    \r\n    \t<li>\r\n    \t   <div class=\"wd-latest-news hvr-underline-from-center \" >\r\n            <div class=\"wd-image-date\">\r\n              <img width=\"1280\" height=\"720\" src=\"https:\/\/www.althera.mx\/wp-content\/uploads\/2018\/03\/fide2-1280x720.jpg\" class=\"attachment-webdevia_blog_shortcode size-webdevia_blog_shortcode wp-post-image\" alt=\"\" decoding=\"async\" srcset=\"https:\/\/www.althera.mx\/wp-content\/uploads\/2018\/03\/fide2-1280x720.jpg 1280w, https:\/\/www.althera.mx\/wp-content\/uploads\/2018\/03\/fide2-1280x720-300x169.jpg 300w, https:\/\/www.althera.mx\/wp-content\/uploads\/2018\/03\/fide2-1280x720-768x432.jpg 768w, https:\/\/www.althera.mx\/wp-content\/uploads\/2018\/03\/fide2-1280x720-1024x576.jpg 1024w\" sizes=\"(max-width: 1280px) 100vw, 1280px\" \/>              <span><strong>06<\/strong>Mar<\/span>\r\n            <\/div>\r\n            <h4 class=\"wd-title-element\"><a href=\"https:\/\/www.althera.mx\/?p=1378\">\u00bfQuieres pagar 50 pesos de luz? \u00c9sta es la Formula<\/a><\/h4>\r\n            <p>\r\n              Al menos 75% del territorio mexicano es aprovechable para generar electricidad en hogares a trav\u00e9s de paneles solares, te decimos qu\u00e9 tienes que hacer. &nbsp;&hellip;              <a class=\"hvr-pop read-more\" href=\"https:\/\/www.althera.mx\/?p=1378\">Read More \u2192<\/a>\r\n            <\/p>\r\n        <\/div>\r\n    \t<\/li>\r\n  \t    \r\n    \t<li>\r\n    \t   <div class=\"wd-latest-news hvr-underline-from-center \" >\r\n            <div class=\"wd-image-date\">\r\n              <img width=\"700\" height=\"366\" src=\"https:\/\/www.althera.mx\/wp-content\/uploads\/2014\/08\/blog_1.jpg\" class=\"attachment-webdevia_blog_shortcode size-webdevia_blog_shortcode wp-post-image\" alt=\"\" decoding=\"async\" srcset=\"https:\/\/www.althera.mx\/wp-content\/uploads\/2014\/08\/blog_1.jpg 700w, https:\/\/www.althera.mx\/wp-content\/uploads\/2014\/08\/blog_1-300x157.jpg 300w, https:\/\/www.althera.mx\/wp-content\/uploads\/2014\/08\/blog_1-368x193.jpg 368w\" sizes=\"(max-width: 700px) 100vw, 700px\" \/>              <span><strong>19<\/strong>Feb<\/span>\r\n            <\/div>\r\n            <h4 class=\"wd-title-element\"><a href=\"https:\/\/www.althera.mx\/?p=282\">160,000 viviendas ya utilizan techos solares en M\u00e9xico<\/a><\/h4>\r\n            <p>\r\n              En algunos casos, los ahorros por usar este tipo de estructuras con paneles solares es de 95%, de acuerdo con la Asociaci\u00f3n Mexicana de Energ\u00eda&hellip;              <a class=\"hvr-pop read-more\" href=\"https:\/\/www.althera.mx\/?p=282\">Read More \u2192<\/a>\r\n            <\/p>\r\n        <\/div>\r\n    \t<\/li>\r\n  \t    \r\n    \t<li>\r\n    \t   <div class=\"wd-latest-news hvr-underline-from-center \" >\r\n            <div class=\"wd-image-date\">\r\n              <img width=\"1280\" height=\"720\" src=\"https:\/\/www.althera.mx\/wp-content\/uploads\/2014\/08\/Aura-Solar-1-1-1280x720.jpg\" class=\"attachment-webdevia_blog_shortcode size-webdevia_blog_shortcode wp-post-image\" alt=\"\" decoding=\"async\" srcset=\"https:\/\/www.althera.mx\/wp-content\/uploads\/2014\/08\/Aura-Solar-1-1-1280x720.jpg 1280w, https:\/\/www.althera.mx\/wp-content\/uploads\/2014\/08\/Aura-Solar-1-1-1280x720-300x169.jpg 300w, https:\/\/www.althera.mx\/wp-content\/uploads\/2014\/08\/Aura-Solar-1-1-1280x720-768x432.jpg 768w, https:\/\/www.althera.mx\/wp-content\/uploads\/2014\/08\/Aura-Solar-1-1-1280x720-1024x576.jpg 1024w\" sizes=\"(max-width: 1280px) 100vw, 1280px\" \/>              <span><strong>16<\/strong>Feb<\/span>\r\n            <\/div>\r\n            <h4 class=\"wd-title-element\"><a href=\"https:\/\/www.althera.mx\/?p=307\">Se consolida como la tecnolog\u00eda m\u00e1s competitiva<\/a><\/h4>\r\n            <p>\r\n              El gobierno mexicano, representado por la Secretar\u00eda de Energ\u00eda (Sener), la Comisi\u00f3n Federal de Electricidad (CFE) y la Comisi\u00f3n Reguladora de Energ\u00eda (CRE), estableci\u00f3 en&hellip;              <a class=\"hvr-pop read-more\" href=\"https:\/\/www.althera.mx\/?p=307\">Read More \u2192<\/a>\r\n            <\/p>\r\n        <\/div>\r\n    \t<\/li>\r\n  \t    \r\n    \t<li>\r\n    \t   <div class=\"wd-latest-news hvr-underline-from-center \" >\r\n            <div class=\"wd-image-date\">\r\n              <img width=\"700\" height=\"366\" src=\"https:\/\/www.althera.mx\/wp-content\/uploads\/2014\/08\/blog_3.jpg\" class=\"attachment-webdevia_blog_shortcode size-webdevia_blog_shortcode wp-post-image\" alt=\"\" decoding=\"async\" srcset=\"https:\/\/www.althera.mx\/wp-content\/uploads\/2014\/08\/blog_3.jpg 700w, https:\/\/www.althera.mx\/wp-content\/uploads\/2014\/08\/blog_3-300x157.jpg 300w, https:\/\/www.althera.mx\/wp-content\/uploads\/2014\/08\/blog_3-368x193.jpg 368w\" sizes=\"(max-width: 700px) 100vw, 700px\" \/>              <span><strong>11<\/strong>Mar<\/span>\r\n            <\/div>\r\n            <h4 class=\"wd-title-element\"><a href=\"https:\/\/www.althera.mx\/?p=306\">Negocio de energ\u00eda solar dom\u00e9stica crecer\u00e1 en M\u00e9xico un 150%<\/a><\/h4>\r\n            <p>\r\n              Para el presente a\u00f1o se espera la colocaci\u00f3n de 40 mil sistemas de generaci\u00f3n el\u00e9ctrica v\u00eda solar en los hogares de M\u00e9xico, lo que implicar\u00e1&hellip;              <a class=\"hvr-pop read-more\" href=\"https:\/\/www.althera.mx\/?p=306\">Read More \u2192<\/a>\r\n            <\/p>\r\n        <\/div>\r\n    \t<\/li>\r\n  \t    \r\n    \t<li>\r\n    \t   <div class=\"wd-latest-news hvr-underline-from-center \" >\r\n            <div class=\"wd-image-date\">\r\n              <img width=\"934\" height=\"623\" src=\"https:\/\/www.althera.mx\/wp-content\/uploads\/2014\/08\/planta-solar-960x623.jpg\" class=\"attachment-webdevia_blog_shortcode size-webdevia_blog_shortcode wp-post-image\" alt=\"\" decoding=\"async\" srcset=\"https:\/\/www.althera.mx\/wp-content\/uploads\/2014\/08\/planta-solar-960x623.jpg 934w, https:\/\/www.althera.mx\/wp-content\/uploads\/2014\/08\/planta-solar-960x623-300x200.jpg 300w, https:\/\/www.althera.mx\/wp-content\/uploads\/2014\/08\/planta-solar-960x623-768x512.jpg 768w, https:\/\/www.althera.mx\/wp-content\/uploads\/2014\/08\/planta-solar-960x623-380x254.jpg 380w\" sizes=\"(max-width: 934px) 100vw, 934px\" \/>              <span><strong>14<\/strong>Nov<\/span>\r\n            <\/div>\r\n            <h4 class=\"wd-title-element\"><a href=\"https:\/\/www.althera.mx\/?p=305\">La concentraci\u00f3n solar, una evoluci\u00f3n de la energ\u00eda renovable<\/a><\/h4>\r\n            <p>\r\n              Parece un vig\u00eda erguido en el desierto. A sus pies, un s\u00e9quito de m\u00e1s de 10.000 silenciosos seguidores lo rodea. Con sus brillantes caras estrat\u00e9gicamente&hellip;              <a class=\"hvr-pop read-more\" href=\"https:\/\/www.althera.mx\/?p=305\">Read More \u2192<\/a>\r\n            <\/p>\r\n        <\/div>\r\n    \t<\/li>\r\n  \t    \r\n    \t<li>\r\n    \t   <div class=\"wd-latest-news hvr-underline-from-center \" >\r\n            <div class=\"wd-image-date\">\r\n              <img width=\"530\" height=\"300\" src=\"https:\/\/www.althera.mx\/wp-content\/uploads\/2014\/08\/chinasolarworker.jpg\" class=\"attachment-webdevia_blog_shortcode size-webdevia_blog_shortcode wp-post-image\" alt=\"\" decoding=\"async\" srcset=\"https:\/\/www.althera.mx\/wp-content\/uploads\/2014\/08\/chinasolarworker.jpg 530w, https:\/\/www.althera.mx\/wp-content\/uploads\/2014\/08\/chinasolarworker-300x170.jpg 300w\" sizes=\"(max-width: 530px) 100vw, 530px\" \/>              <span><strong>13<\/strong>Nov<\/span>\r\n            <\/div>\r\n            <h4 class=\"wd-title-element\"><a href=\"https:\/\/www.althera.mx\/?p=304\">China se convierte en el mayor generador mundial de energ\u00eda solar<\/a><\/h4>\r\n            <p>\r\n              China super\u00f3 a Alemania como mayor generador mundial de energ\u00eda solar, con 43 gigavatios instalados a finales de 2015, seg\u00fan los datos publicados este jueves&hellip;              <a class=\"hvr-pop read-more\" href=\"https:\/\/www.althera.mx\/?p=304\">Read More \u2192<\/a>\r\n            <\/p>\r\n        <\/div>\r\n    \t<\/li>\r\n  \t    \r\n    \t<li>\r\n    \t   <div class=\"wd-latest-news hvr-underline-from-center \" >\r\n            <div class=\"wd-image-date\">\r\n              <img width=\"980\" height=\"552\" src=\"https:\/\/www.althera.mx\/wp-content\/uploads\/2014\/08\/TeslaSolar.jpg\" class=\"attachment-webdevia_blog_shortcode size-webdevia_blog_shortcode wp-post-image\" alt=\"\" decoding=\"async\" srcset=\"https:\/\/www.althera.mx\/wp-content\/uploads\/2014\/08\/TeslaSolar.jpg 980w, https:\/\/www.althera.mx\/wp-content\/uploads\/2014\/08\/TeslaSolar-300x169.jpg 300w, https:\/\/www.althera.mx\/wp-content\/uploads\/2014\/08\/TeslaSolar-768x433.jpg 768w\" sizes=\"(max-width: 980px) 100vw, 980px\" \/>              <span><strong>10<\/strong>Nov<\/span>\r\n            <\/div>\r\n            <h4 class=\"wd-title-element\"><a href=\"https:\/\/www.althera.mx\/?p=303\">Tesla formaliza compra de SolarCity<\/a><\/h4>\r\n            <p>\r\n              Elon Musk da el siguiente paso para convertir Tesla en una compa\u00f1\u00eda de generaci\u00f3n de electricidad, fusion\u00e1ndola con SolarCity. El fabricante de coches el\u00e9ctricos, que&hellip;              <a class=\"hvr-pop read-more\" href=\"https:\/\/www.althera.mx\/?p=303\">Read More \u2192<\/a>\r\n            <\/p>\r\n        <\/div>\r\n    \t<\/li>\r\n  \t  <\/ul>\r\n\r\n  [\/vc_column][\/vc_row]<\/p>\n","protected":false},"excerpt":{"rendered":"<p>[vc_row css=&#8221;.vc_custom_1449059076901{margin-top: 40px !important;}&#8221;][vc_column][\/vc_column][\/vc_row][vc_row][vc_column][\/vc_column][\/vc_row]<\/p>\n","protected":false},"author":1,"featured_media":0,"parent":0,"menu_order":0,"comment_status":"closed","ping_status":"closed","template":"","meta":{"footnotes":""},"_links":{"self":[{"href":"https:\/\/www.althera.mx\/index.php?rest_route=\/wp\/v2\/pages\/713"}],"collection":[{"href":"https:\/\/www.althera.mx\/index.php?rest_route=\/wp\/v2\/pages"}],"about":[{"href":"https:\/\/www.althera.mx\/index.php?rest_route=\/wp\/v2\/types\/page"}],"author":[{"embeddable":true,"href":"https:\/\/www.althera.mx\/index.php?rest_route=\/wp\/v2\/users\/1"}],"replies":[{"embeddable":true,"href":"https:\/\/www.althera.mx\/index.php?rest_route=%2Fwp%2Fv2%2Fcomments&post=713"}],"version-history":[{"count":0,"href":"https:\/\/www.althera.mx\/index.php?rest_route=\/wp\/v2\/pages\/713\/revisions"}],"wp:attachment":[{"href":"https:\/\/www.althera.mx\/index.php?rest_route=%2Fwp%2Fv2%2Fmedia&parent=713"}],"curies":[{"name":"wp","href":"https:\/\/api.w.org\/{rel}","templated":true}]}}